{"id":607,"date":"2019-11-15T11:20:20","date_gmt":"2019-11-15T09:20:20","guid":{"rendered":"https:\/\/www.jalobus.fi\/tarjouspyynto\/"},"modified":"2019-12-10T09:35:31","modified_gmt":"2019-12-10T07:35:31","slug":"quote-request","status":"publish","type":"page","link":"https:\/\/www.jalobus.fi\/en\/quote-request\/","title":{"rendered":"Quote request"},"content":{"rendered":"<h1>\n\t\tQuote request for an easy charter\n\t<\/h1>\n\t<iframe src=\"https:\/\/s1.miles-erp.com\/apps\/webportal\/OfferRequest.aspx?Company=JalobusOy&amp;bus=True&amp;AnonymousOrder=True&amp;Language=fi&amp;Ordertype=Nettitilaus&amp;Owner=Jalobus+Tku&amp;Executor=Jalobus+Tku&amp;vopt=16%3bVIP-kelpoinen%7c32%3bWC%7c131072%3bTavaratilaa%7c4096%3bSohvaryhm%c3%a4%7c256%3bP%c3%b6yt%c3%a4%7c8192%3bMikrofoni%7c524288%3bKaupunkibussi%7c1024%3bJ%c3%a4%c3%a4kaappi%7c8%3bInva-kelpoinen&amp;return=True&amp;mj=true&amp;returnrequired=true&amp;cash=true&amp;phone=024776800\" width=\"800\" height=\"3300\"><\/iframe>\n<h2>\n\t\tA successful trip takes three things:\n\t<\/h2>\n\t<div class=\"ajankohtaiset-nostot\"><div class=\"ajankohtaiset-etusivu-artikkeli\"><a href=\"https:\/\/www.jalobus.fi\/en\/kalusto\/\"><h3>1. Sopiva kulkuneuvo<\/h3><img decoding=\"async\" src=\"https:\/\/www.jalobus.fi\/wp-content\/uploads\/2019\/10\/etusivu-1-sopiva.png\" alt=\"\" \/><p>>> Tutustu kalustoomme<\/p><\/a><\/div><div class=\"ajankohtaiset-etusivu-artikkeli\"><a href=\"https:\/\/www.jalobus.fi\/kuljettajan-paiva\/\"><h3>2. Taitava kuljettaja<\/h3><img decoding=\"async\" src=\"https:\/\/www.jalobus.fi\/wp-content\/uploads\/2019\/10\/etusivu-2-taitava.png\" alt=\"\" \/><p>>> Lue kuljettajahaastattelu<\/p><\/a><\/div><div class=\"ajankohtaiset-etusivu-artikkeli\"><a href=\"https:\/\/www.jalobus.fi\/matkanjarjestajan-opas\/\"><h3>3. Hyv\u00e4 porukka<\/h3><img decoding=\"async\" src=\"https:\/\/www.jalobus.fi\/wp-content\/uploads\/2019\/10\/etusivu-3-hyva.png\" alt=\"\" \/><p>>> Lue matkanj\u00e4rjest\u00e4j\u00e4n opas<\/p><\/a><\/div><\/div>\n\t<h3>We arrange the first two, third is up to you!<\/h3>\n<p>After that you only have to enoy the trip!<\/p>\n\t\t\t<a href=\"https:\/\/www.jalobus.fi\/en\/quote-request\/\" target=\"_self\" role=\"button\" rel=\"noopener noreferrer\">\n\t\t\t\t\t\t\tLets get people moving\n\t\t\t\t\t<\/a>\n\t\n\t<h2>Reliable prices, professional drivers, and a large fleet of coaches.<\/h2>\nWe guarantee an excellent trip.<br \/>\nFeatures and facilities tailored to your needs.<br \/>\nA presence in both Turku and Helsinki.\n<p>Get in touch or submit a <a href=\"https:\/\/www.jalobus.fi\/en\/quote-request\/\">quote request<\/a>, we are available 24\/7.<\/p>\n\t\t\t<a href=\"https:\/\/www.jalobus.fi\/en\/quote-request\/\" target=\"_self\" role=\"button\" rel=\"noopener noreferrer\">\n\t\t\t\t\t\t\tAsk for a quote\n\t\t\t\t\t<\/a>\n\t<div class=\"arvostelut\"><div class=\"swiper-container\"><div class=\"swiper-wrapper\"><div class=\"swiper-slide\"><div class=\"tahdet-div\"><i class=\"fas fa-star\"><\/i> <i class=\"fas fa-star\"><\/i> <i class=\"fas fa-star\"><\/i> <i class=\"fas fa-star\"><\/i> <i class=\"fas fa-star\"><\/i><\/div><h3>Yrityksen kes\u00e4juhlien kuljetus<\/h3>\r\n\t<p class=\"arvostelija\">Laura Leskinen<\/p>\r\n\t<p>Kokonaisuudessan varaaminen ja kuljetus sopi erinomaisesti. Sain palveluntarjoajalta riitt\u00e4v\u00e4sti tietoa ja he varmistivat viel\u00e4 ennen kuljetusta ett\u00e4 kaikki tiedot on oikein ja laittoi kuljettajan tiedot. Kuljettaja oli oikein yst\u00e4v\u00e4llinen ja laittoi musiikkitoiveet radiosta soimaan \ud83d\ude42<\/p><\/div><div class=\"swiper-slide\"><div class=\"tahdet-div\"><i class=\"fas fa-star\"><\/i> <i class=\"fas fa-star\"><\/i> <i class=\"fas fa-star\"><\/i> <i class=\"fas fa-star\"><\/i> <i class=\"fas fa-star\"><\/i><\/div><h3>F\u00f6retagets friluftsdag<\/h3>\r\n\t<p class=\"arvostelija\">Daniel Komarov<\/p>\r\n\t<p>Lyfter p\u00e5 hatten till Jalobus!\r\n\r\nOtroligt v\u00e4nlig och hj\u00e4lpsam kundservice som skr\u00e4ddarsydde best\u00e4llningen exakt enligt v\u00e5ra behov och till ett v\u00e4ldigt l\u00e5gt pris.\r\nBussresan gick suver\u00e4nt och bussens skick var super! Busschaff\u00f6ren var professionell och s\u00e5g till att passagerarna hade det s\u00e5 bra som m\u00f6jligt under hela resan. Busschaff\u00f6ren var \u00e4ven v\u00e4ldigt hj\u00e4lpsam.\r\n\r\nJalobus f\u00e5r 5 av 5 stj\u00e4rnor av oss. Tusen tack!<\/p><\/div><div class=\"swiper-slide\"><div class=\"tahdet-div\"><i class=\"fas fa-star\"><\/i> <i class=\"fas fa-star\"><\/i> <i class=\"fas fa-star\"><\/i> <i class=\"fas fa-star\"><\/i> <i class=\"fas fa-star\"><\/i><\/div><h3> Suositeltava bussiyhti\u00f6<\/h3>\r\n\t<p class=\"arvostelija\">Arja Torkkom\u00e4ki<\/p>\r\n\t<p>Siisti bussi ja eritt\u00e4in ammattitaitoinen ja yhteisty\u00f6kykyinen kuljettaja, jonka kanssa asiointi oli sujuvaa. Nettivaraus ja vahvistukset sek\u00e4 infot hyvin toimivat.<\/p><\/div><div class=\"swiper-slide\"><div class=\"tahdet-div\"><i class=\"fas fa-star\"><\/i> <i class=\"fas fa-star\"><\/i> <i class=\"fas fa-star\"><\/i> <i class=\"fas fa-star\"><\/i> <i class=\"fas fa-star\"><\/i><\/div><h3>Kiitokset hyv\u00e4st\u00e4 palvelusta<\/h3>\r\n\t<p class=\"arvostelija\">Minna Huhta<\/p>\r\n\t<p>Kiitos joustavuudesta asiakaspalvelussa, kuski yst\u00e4v\u00e4llisesti soitti ja ilmoitti saapuneensa hyviss\u00e4 ajoin ennen ajoa. Ajoneuvo oli siisti ja kuljettaja oli joustava. Kerrassaan tyytyv\u00e4inen kuljetukseen sek\u00e4 hintaan:)<\/p><\/div><div class=\"swiper-slide\"><div class=\"tahdet-div\"><i class=\"fas fa-star\"><\/i> <i class=\"fas fa-star\"><\/i> <i class=\"fas fa-star\"><\/i> <i class=\"fas fa-star\"><\/i><\/div><h3>Pelimatka Lepp\u00e4vaaraan<\/h3>\r\n\t<p class=\"arvostelija\">Katja Varjonen<\/p>\r\n\t<p>Kaikki toimi niinkuin pit\u00e4\u00e4kin ja pelurit osasivat arvostaa bussin v\u00e4ljyytt\u00e4 ja p\u00f6yti\u00e4.<\/p><\/div><div class=\"swiper-slide\"><div class=\"tahdet-div\"><i class=\"fas fa-star\"><\/i> <i class=\"fas fa-star\"><\/i> <i class=\"fas fa-star\"><\/i> <i class=\"fas fa-star\"><\/i> <i class=\"fas fa-star\"><\/i><\/div><h3>P\u00e4iv\u00e4kodin syysretki Kuhankuonolle<\/h3>\r\n\t<p class=\"arvostelija\">Anna A<\/p>\r\n\t<p>Ihanan palvelualttiit kuskit. P\u00e4iv\u00e4kodin ovelta polun alkuun ja takaisin. Turvaistuimet vaihtoivat autoa v\u00e4liajalla ja kaikki sujui mallikkaasti. Paras yhti\u00f6! K\u00e4ytet\u00e4\u00e4n uudelleen!<\/p><\/div><\/div><div class=\"swiper-pagination\"><\/div><\/div><\/div>\n<h3>\n\t\tA few customers who trust us\n\t<\/h3>\n\t\t\t\t<img decoding=\"async\" src=\"https:\/\/www.jalobus.fi\/wp-content\/uploads\/2019\/10\/jalobus-asiakkaat-meyer.png\" alt=\"jalobus-asiakkaat-meyer\" itemprop=\"image\" height=\"1000\" width=\"1000\" title=\"jalobus-asiakkaat-meyer\" onerror=\"this.style.display='none'\"  \/>\n\t\t\t\t<img decoding=\"async\" src=\"https:\/\/www.jalobus.fi\/wp-content\/uploads\/2019\/10\/jalobus-asiakkaat-herrankukkaro.png\" alt=\"jalobus-asiakkaat-herrankukkaro\" itemprop=\"image\" height=\"1000\" width=\"1000\" title=\"jalobus-asiakkaat-herrankukkaro\" onerror=\"this.style.display='none'\"  \/>\n\t\t\t\t<img decoding=\"async\" src=\"https:\/\/www.jalobus.fi\/wp-content\/uploads\/2019\/10\/jalobus-asiakkaat-tps.png\" alt=\"jalobus-asiakkaat-tps\" itemprop=\"image\" height=\"1000\" width=\"1000\" title=\"jalobus-asiakkaat-tps\" onerror=\"this.style.display='none'\"  \/>\n\t\t\t\t<img decoding=\"async\" src=\"https:\/\/www.jalobus.fi\/wp-content\/uploads\/2019\/10\/jalobus-asiakkaat-tuto.png\" alt=\"jalobus-asiakkaat-tuto\" itemprop=\"image\" height=\"1000\" width=\"1000\" title=\"jalobus-asiakkaat-tuto\" onerror=\"this.style.display='none'\"  \/>\n\t\t\t\t<img decoding=\"async\" src=\"https:\/\/www.jalobus.fi\/wp-content\/uploads\/2019\/10\/jalobus-asiakkaat-ukkopekka.png\" alt=\"jalobus-asiakkaat-ukkopekka\" itemprop=\"image\" height=\"1000\" width=\"1000\" title=\"jalobus-asiakkaat-ukkopekka\" onerror=\"this.style.display='none'\"  \/>\n\t\t\t\t<img decoding=\"async\" src=\"https:\/\/www.jalobus.fi\/wp-content\/uploads\/2019\/10\/jalobus-asiakkaat-muumimaailma.png\" alt=\"jalobus-asiakkaat-muumimaailma\" itemprop=\"image\" height=\"1000\" width=\"1000\" title=\"jalobus-asiakkaat-muumimaailma\" onerror=\"this.style.display='none'\"  \/>\n","protected":false},"excerpt":{"rendered":"<p>Quote request for an easy charter A successful trip takes three things: We arrange the first two, third is up to you! After that you only have to enoy the trip! Lets get people moving Reliable prices, professional drivers, and a large fleet of coaches. We guarantee an excellent trip. Features and facilities tailored to [&hellip;]<\/p>\n","protected":false},"author":1,"featured_media":0,"parent":0,"menu_order":0,"comment_status":"closed","ping_status":"closed","template":"","meta":{"_acf_changed":false,"footnotes":""},"class_list":["post-607","page","type-page","status-publish","hentry"],"acf":[],"yoast_head":"<title>Quote request | Shuttle bus |\u00a0Jalobus Turku<\/title>\n<meta name=\"description\" content=\"Quote request for an easy charter. Reliable prices, professional drivers, and a large fleet of coaches. We guarantee an excellent trip.\" \/>\n<meta name=\"robots\" content=\"index, follow, max-snippet:-1, max-image-preview:large, max-video-preview:-1\" \/>\n<link rel=\"canonical\" href=\"https:\/\/www.jalobus.fi\/en\/quote-request\/\" \/>\n<meta property=\"og:locale\" content=\"en_US\" \/>\n<meta property=\"og:type\" content=\"article\" \/>\n<meta property=\"og:title\" content=\"Quote request | Shuttle bus |\u00a0Jalobus Turku\" \/>\n<meta property=\"og:description\" content=\"Quote request for an easy charter. Reliable prices, professional drivers, and a large fleet of coaches. We guarantee an excellent trip.\" \/>\n<meta property=\"og:url\" content=\"https:\/\/www.jalobus.fi\/en\/quote-request\/\" \/>\n<meta property=\"og:site_name\" content=\"Jalobus Oy\" \/>\n<meta property=\"article:modified_time\" content=\"2019-12-10T07:35:31+00:00\" \/>\n<meta property=\"og:image\" content=\"https:\/\/www.jalobus.fi\/wp-content\/uploads\/2019\/10\/jalobus-asiakkaat-meyer.png\" \/>\n<script type=\"application\/ld+json\" class=\"yoast-schema-graph\">{\"@context\":\"https:\\\/\\\/schema.org\",\"@graph\":[{\"@type\":\"WebPage\",\"@id\":\"https:\\\/\\\/www.jalobus.fi\\\/en\\\/quote-request\\\/\",\"url\":\"https:\\\/\\\/www.jalobus.fi\\\/en\\\/quote-request\\\/\",\"name\":\"Quote request | Shuttle bus |\u00a0Jalobus Turku\",\"isPartOf\":{\"@id\":\"https:\\\/\\\/www.jalobus.fi\\\/#website\"},\"primaryImageOfPage\":{\"@id\":\"https:\\\/\\\/www.jalobus.fi\\\/en\\\/quote-request\\\/#primaryimage\"},\"image\":{\"@id\":\"https:\\\/\\\/www.jalobus.fi\\\/en\\\/quote-request\\\/#primaryimage\"},\"thumbnailUrl\":\"https:\\\/\\\/www.jalobus.fi\\\/wp-content\\\/uploads\\\/2019\\\/10\\\/jalobus-asiakkaat-meyer.png\",\"datePublished\":\"2019-11-15T09:20:20+00:00\",\"dateModified\":\"2019-12-10T07:35:31+00:00\",\"description\":\"Quote request for an easy charter. Reliable prices, professional drivers, and a large fleet of coaches. We guarantee an excellent trip.\",\"breadcrumb\":{\"@id\":\"https:\\\/\\\/www.jalobus.fi\\\/en\\\/quote-request\\\/#breadcrumb\"},\"inLanguage\":\"en-US\",\"potentialAction\":[{\"@type\":\"ReadAction\",\"target\":[\"https:\\\/\\\/www.jalobus.fi\\\/en\\\/quote-request\\\/\"]}]},{\"@type\":\"ImageObject\",\"inLanguage\":\"en-US\",\"@id\":\"https:\\\/\\\/www.jalobus.fi\\\/en\\\/quote-request\\\/#primaryimage\",\"url\":\"https:\\\/\\\/www.jalobus.fi\\\/wp-content\\\/uploads\\\/2019\\\/10\\\/jalobus-asiakkaat-meyer.png\",\"contentUrl\":\"https:\\\/\\\/www.jalobus.fi\\\/wp-content\\\/uploads\\\/2019\\\/10\\\/jalobus-asiakkaat-meyer.png\"},{\"@type\":\"BreadcrumbList\",\"@id\":\"https:\\\/\\\/www.jalobus.fi\\\/en\\\/quote-request\\\/#breadcrumb\",\"itemListElement\":[{\"@type\":\"ListItem\",\"position\":1,\"name\":\"Home\",\"item\":\"https:\\\/\\\/www.jalobus.fi\\\/en\\\/\"},{\"@type\":\"ListItem\",\"position\":2,\"name\":\"Quote request\"}]},{\"@type\":\"WebSite\",\"@id\":\"https:\\\/\\\/www.jalobus.fi\\\/#website\",\"url\":\"https:\\\/\\\/www.jalobus.fi\\\/\",\"name\":\"Jalobus Oy\",\"description\":\"\",\"potentialAction\":[{\"@type\":\"SearchAction\",\"target\":{\"@type\":\"EntryPoint\",\"urlTemplate\":\"https:\\\/\\\/www.jalobus.fi\\\/?s={search_term_string}\"},\"query-input\":{\"@type\":\"PropertyValueSpecification\",\"valueRequired\":true,\"valueName\":\"search_term_string\"}}],\"inLanguage\":\"en-US\"}]}<\/script>","yoast_head_json":{"title":"Quote request | Shuttle bus |\u00a0Jalobus Turku","description":"Quote request for an easy charter. Reliable prices, professional drivers, and a large fleet of coaches. We guarantee an excellent trip.","robots":{"index":"index","follow":"follow","max-snippet":"max-snippet:-1","max-image-preview":"max-image-preview:large","max-video-preview":"max-video-preview:-1"},"canonical":"https:\/\/www.jalobus.fi\/en\/quote-request\/","og_locale":"en_US","og_type":"article","og_title":"Quote request | Shuttle bus |\u00a0Jalobus Turku","og_description":"Quote request for an easy charter. Reliable prices, professional drivers, and a large fleet of coaches. We guarantee an excellent trip.","og_url":"https:\/\/www.jalobus.fi\/en\/quote-request\/","og_site_name":"Jalobus Oy","article_modified_time":"2019-12-10T07:35:31+00:00","og_image":[{"url":"https:\/\/www.jalobus.fi\/wp-content\/uploads\/2019\/10\/jalobus-asiakkaat-meyer.png","type":"","width":"","height":""}],"schema":{"@context":"https:\/\/schema.org","@graph":[{"@type":"WebPage","@id":"https:\/\/www.jalobus.fi\/en\/quote-request\/","url":"https:\/\/www.jalobus.fi\/en\/quote-request\/","name":"Quote request | Shuttle bus |\u00a0Jalobus Turku","isPartOf":{"@id":"https:\/\/www.jalobus.fi\/#website"},"primaryImageOfPage":{"@id":"https:\/\/www.jalobus.fi\/en\/quote-request\/#primaryimage"},"image":{"@id":"https:\/\/www.jalobus.fi\/en\/quote-request\/#primaryimage"},"thumbnailUrl":"https:\/\/www.jalobus.fi\/wp-content\/uploads\/2019\/10\/jalobus-asiakkaat-meyer.png","datePublished":"2019-11-15T09:20:20+00:00","dateModified":"2019-12-10T07:35:31+00:00","description":"Quote request for an easy charter. Reliable prices, professional drivers, and a large fleet of coaches. We guarantee an excellent trip.","breadcrumb":{"@id":"https:\/\/www.jalobus.fi\/en\/quote-request\/#breadcrumb"},"inLanguage":"en-US","potentialAction":[{"@type":"ReadAction","target":["https:\/\/www.jalobus.fi\/en\/quote-request\/"]}]},{"@type":"ImageObject","inLanguage":"en-US","@id":"https:\/\/www.jalobus.fi\/en\/quote-request\/#primaryimage","url":"https:\/\/www.jalobus.fi\/wp-content\/uploads\/2019\/10\/jalobus-asiakkaat-meyer.png","contentUrl":"https:\/\/www.jalobus.fi\/wp-content\/uploads\/2019\/10\/jalobus-asiakkaat-meyer.png"},{"@type":"BreadcrumbList","@id":"https:\/\/www.jalobus.fi\/en\/quote-request\/#breadcrumb","itemListElement":[{"@type":"ListItem","position":1,"name":"Home","item":"https:\/\/www.jalobus.fi\/en\/"},{"@type":"ListItem","position":2,"name":"Quote request"}]},{"@type":"WebSite","@id":"https:\/\/www.jalobus.fi\/#website","url":"https:\/\/www.jalobus.fi\/","name":"Jalobus Oy","description":"","potentialAction":[{"@type":"SearchAction","target":{"@type":"EntryPoint","urlTemplate":"https:\/\/www.jalobus.fi\/?s={search_term_string}"},"query-input":{"@type":"PropertyValueSpecification","valueRequired":true,"valueName":"search_term_string"}}],"inLanguage":"en-US"}]}},"_links":{"self":[{"href":"https:\/\/www.jalobus.fi\/en\/wp-json\/wp\/v2\/pages\/607","targetHints":{"allow":["GET"]}}],"collection":[{"href":"https:\/\/www.jalobus.fi\/en\/wp-json\/wp\/v2\/pages"}],"about":[{"href":"https:\/\/www.jalobus.fi\/en\/wp-json\/wp\/v2\/types\/page"}],"author":[{"embeddable":true,"href":"https:\/\/www.jalobus.fi\/en\/wp-json\/wp\/v2\/users\/1"}],"replies":[{"embeddable":true,"href":"https:\/\/www.jalobus.fi\/en\/wp-json\/wp\/v2\/comments?post=607"}],"version-history":[{"count":0,"href":"https:\/\/www.jalobus.fi\/en\/wp-json\/wp\/v2\/pages\/607\/revisions"}],"wp:attachment":[{"href":"https:\/\/www.jalobus.fi\/en\/wp-json\/wp\/v2\/media?parent=607"}],"curies":[{"name":"wp","href":"https:\/\/api.w.org\/{rel}","templated":true}]}}