{"id":600,"date":"2019-11-15T11:18:56","date_gmt":"2019-11-15T09:18:56","guid":{"rendered":"https:\/\/www.jalobus.fi\/kalusto\/"},"modified":"2019-11-15T14:17:45","modified_gmt":"2019-11-15T12:17:45","slug":"kalusto","status":"publish","type":"page","link":"https:\/\/www.jalobus.fi\/en\/kalusto\/","title":{"rendered":"Fleet"},"content":{"rendered":"\n\t<h1>Bussit tunnemme kuin omat taskut.<\/h1>\n<p>Kyll\u00e4, jokainen Jalon bussi huolletaan omalla korjaamolla, meill\u00e4 on omat huoltomiehet ja t\u00e4ydellinen huoltohistoria.<\/p>\n\t\t\t<a href=\"https:\/\/www.jalobus.fi\/tarjouspyynto\/\" target=\"_self\" role=\"button\" rel=\"noopener noreferrer\">\n\t\t\t\t\t\t\tOta yhteytt\u00e4\n\t\t\t\t\t<\/a>\n\t<h3>Turistibussit<\/h3>\n<p>Turistibussit ovat oikein mukavia matkakumppaneita. Yhteen mahtuu, mallista riippuen, 38 &#8211; 81 matkustajaa. Jalobus turistibussien varustelu r\u00e4\u00e4t\u00e4l\u00f6id\u00e4\u00e4n matkanne tarpeisiin sopiviksi, suosittelemme varaamaan hyviss\u00e4 ajoin ja omat tarpeet edell\u00e4. Kaikissa busseissa on j\u00e4\u00e4kaappi, wc, mikrofoni ja usb-latauspistoke.<\/p>\n<p><strong>Lis\u00e4ksi saatavilla on:<\/strong><\/p>\n<ul>\n<li>2-kerrosbussi<\/li>\n<li>p\u00f6yt\u00e4ryhmi\u00e4<\/li>\n<li>kokousbussi<\/li>\n<li>musiikkimahdollisuus<\/li>\n<li>ym. erikoistoiveet (ev\u00e4\u00e4t etc.)<\/li>\n<\/ul>\n<p>Oikein rattoisalle retkelle kannattaa tilata kunnon turistibussi, kyll\u00e4 kelpaa.<\/p>\n<p>Pyyd\u00e4, ja me hoidamme!<\/p>\n\t\t\t<a href=\"https:\/\/www.jalobus.fi\/tarjouspyynto\/\" target=\"_self\" role=\"button\" rel=\"noopener noreferrer\">\n\t\t\t\t\t\t\tTilaa kuljetus\n\t\t\t\t\t<\/a>\n\t\n\t\n\t<h3>Kaupunkibussit<\/h3>\n<p>Kaupunkibussit ovat nopean siirtymisen kuninkaita. N\u00e4ill\u00e4 vied\u00e4\u00e4n koko jengi kerralla perille eik\u00e4 parkkipaikkoja tarvitse etsi\u00e4! Yhteen autoon mahtuu 40-56 henke\u00e4 istumaan sek\u00e4 30 seisomaan. Melkein sata ihmist\u00e4! Matala porras sek\u00e4 py\u00f6r\u00e4tuoliramppi takaa kuljetuksen my\u00f6s liikuntaesteisille.<\/p>\n<p>Kaupunkibussit ovat yll\u00e4tt\u00e4v\u00e4n k\u00e4tev\u00e4 tapa v\u00e4ltt\u00e4\u00e4 ruuhkia vaikkapa satamassa ja mik\u00e4p\u00e4 olisi mukavampi tapa tulla reissusta kotiin kuin yhteiskuljetus?<\/p>\n\t\t\t<a href=\"https:\/\/www.jalobus.fi\/tarjouspyynto\/\" target=\"_self\" role=\"button\" rel=\"noopener noreferrer\">\n\t\t\t\t\t\t\tTilaa kaupunkikuljetus\n\t\t\t\t\t<\/a>\n\t<h3>Pikkubussit<\/h3>\n<p>Pienemm\u00e4ll\u00e4 porukalla pikkubussi on erinomainen ja kustannustehokas kulkupeli. Istutamme t\u00e4h\u00e4n hyv\u00e4n kuljettajan niin 6-20 henke\u00e4 kulkee mukavuuksista tinkim\u00e4tt\u00e4 joutuisasti perille. N\u00e4iss\u00e4 on ylellinen edustustunnelma kunnes laitetaan ledit p\u00e4\u00e4lle ja musat tulille, ei oo pakko laulaa!<\/p>\n<p>Kysy pikkubussista tarjous, luulemme ett\u00e4 yll\u00e4tyt positiivisesti!<\/p>\n\t\t\t<a href=\"https:\/\/www.jalobus.fi\/tarjouspyynto\/\" target=\"_self\" role=\"button\" rel=\"noopener noreferrer\">\n\t\t\t\t\t\t\tTilaa pikkukuljetus\n\t\t\t\t\t<\/a>\n\t\n\t\n\t<h2>Luotettava hinta, ammattitaitoiset kuljettajat ja laaja valikoima busseja.<\/h2>\nTakaamme ett\u00e4 matkasi sujuu erinomaisesti.<br \/>\nLis\u00e4varusteet tilausajoille r\u00e4\u00e4t\u00e4l\u00f6id\u00e4\u00e4n tarpeisiinne sopiviksi.<br \/>\nKalustoa l\u00f6ytyy sek\u00e4 Turusta ett\u00e4 Helsingist\u00e4.\n<p>Ota rohkeasti yhteytt\u00e4 tai <a href=\"https:\/\/www.jalobus.fi\/tarjouspyynto\/\">l\u00e4het\u00e4 tarjouspyynt\u00f6<\/a>, palvelemme 24\/7.<\/p>\n\t\t\t<a href=\"https:\/\/www.jalobus.fi\/en\/quote-request\/\" target=\"_self\" role=\"button\" rel=\"noopener noreferrer\">\n\t\t\t\t\t\t\tTilaa helppo kuljetus\n\t\t\t\t\t<\/a>\n\t<h3>Meist\u00e4 sanottua:<\/h3><div class=\"arvostelut\"><div class=\"swiper-container\"><div class=\"swiper-wrapper\"><div class=\"swiper-slide\"><div class=\"tahdet-div\"><i class=\"fas fa-star\"><\/i> <i class=\"fas fa-star\"><\/i> <i class=\"fas fa-star\"><\/i> <i class=\"fas fa-star\"><\/i> <i class=\"fas fa-star\"><\/i><\/div><h3>Yrityksen kes\u00e4juhlien kuljetus<\/h3>\r\n\t<p class=\"arvostelija\">Laura Leskinen<\/p>\r\n\t<p>Kokonaisuudessan varaaminen ja kuljetus sopi erinomaisesti. Sain palveluntarjoajalta riitt\u00e4v\u00e4sti tietoa ja he varmistivat viel\u00e4 ennen kuljetusta ett\u00e4 kaikki tiedot on oikein ja laittoi kuljettajan tiedot. Kuljettaja oli oikein yst\u00e4v\u00e4llinen ja laittoi musiikkitoiveet radiosta soimaan \ud83d\ude42<\/p><\/div><div class=\"swiper-slide\"><div class=\"tahdet-div\"><i class=\"fas fa-star\"><\/i> <i class=\"fas fa-star\"><\/i> <i class=\"fas fa-star\"><\/i> <i class=\"fas fa-star\"><\/i> <i class=\"fas fa-star\"><\/i><\/div><h3>F\u00f6retagets friluftsdag<\/h3>\r\n\t<p class=\"arvostelija\">Daniel Komarov<\/p>\r\n\t<p>Lyfter p\u00e5 hatten till Jalobus!\r\n\r\nOtroligt v\u00e4nlig och hj\u00e4lpsam kundservice som skr\u00e4ddarsydde best\u00e4llningen exakt enligt v\u00e5ra behov och till ett v\u00e4ldigt l\u00e5gt pris.\r\nBussresan gick suver\u00e4nt och bussens skick var super! Busschaff\u00f6ren var professionell och s\u00e5g till att passagerarna hade det s\u00e5 bra som m\u00f6jligt under hela resan. Busschaff\u00f6ren var \u00e4ven v\u00e4ldigt hj\u00e4lpsam.\r\n\r\nJalobus f\u00e5r 5 av 5 stj\u00e4rnor av oss. Tusen tack!<\/p><\/div><div class=\"swiper-slide\"><div class=\"tahdet-div\"><i class=\"fas fa-star\"><\/i> <i class=\"fas fa-star\"><\/i> <i class=\"fas fa-star\"><\/i> <i class=\"fas fa-star\"><\/i> <i class=\"fas fa-star\"><\/i><\/div><h3> Suositeltava bussiyhti\u00f6<\/h3>\r\n\t<p class=\"arvostelija\">Arja Torkkom\u00e4ki<\/p>\r\n\t<p>Siisti bussi ja eritt\u00e4in ammattitaitoinen ja yhteisty\u00f6kykyinen kuljettaja, jonka kanssa asiointi oli sujuvaa. Nettivaraus ja vahvistukset sek\u00e4 infot hyvin toimivat.<\/p><\/div><div class=\"swiper-slide\"><div class=\"tahdet-div\"><i class=\"fas fa-star\"><\/i> <i class=\"fas fa-star\"><\/i> <i class=\"fas fa-star\"><\/i> <i class=\"fas fa-star\"><\/i> <i class=\"fas fa-star\"><\/i><\/div><h3>Kiitokset hyv\u00e4st\u00e4 palvelusta<\/h3>\r\n\t<p class=\"arvostelija\">Minna Huhta<\/p>\r\n\t<p>Kiitos joustavuudesta asiakaspalvelussa, kuski yst\u00e4v\u00e4llisesti soitti ja ilmoitti saapuneensa hyviss\u00e4 ajoin ennen ajoa. Ajoneuvo oli siisti ja kuljettaja oli joustava. Kerrassaan tyytyv\u00e4inen kuljetukseen sek\u00e4 hintaan:)<\/p><\/div><div class=\"swiper-slide\"><div class=\"tahdet-div\"><i class=\"fas fa-star\"><\/i> <i class=\"fas fa-star\"><\/i> <i class=\"fas fa-star\"><\/i> <i class=\"fas fa-star\"><\/i><\/div><h3>Pelimatka Lepp\u00e4vaaraan<\/h3>\r\n\t<p class=\"arvostelija\">Katja Varjonen<\/p>\r\n\t<p>Kaikki toimi niinkuin pit\u00e4\u00e4kin ja pelurit osasivat arvostaa bussin v\u00e4ljyytt\u00e4 ja p\u00f6yti\u00e4.<\/p><\/div><div class=\"swiper-slide\"><div class=\"tahdet-div\"><i class=\"fas fa-star\"><\/i> <i class=\"fas fa-star\"><\/i> <i class=\"fas fa-star\"><\/i> <i class=\"fas fa-star\"><\/i> <i class=\"fas fa-star\"><\/i><\/div><h3>P\u00e4iv\u00e4kodin syysretki Kuhankuonolle<\/h3>\r\n\t<p class=\"arvostelija\">Anna A<\/p>\r\n\t<p>Ihanan palvelualttiit kuskit. P\u00e4iv\u00e4kodin ovelta polun alkuun ja takaisin. Turvaistuimet vaihtoivat autoa v\u00e4liajalla ja kaikki sujui mallikkaasti. Paras yhti\u00f6! K\u00e4ytet\u00e4\u00e4n uudelleen!<\/p><\/div><\/div><div class=\"swiper-pagination\"><\/div><\/div><\/div>\n<h3>\n\t\tMuutama yritys jotka luottavat meihin:\n\t<\/h3>\n\t\t\t\t<img decoding=\"async\" src=\"https:\/\/www.jalobus.fi\/wp-content\/uploads\/2019\/10\/jalobus-asiakkaat-meyer.png\" alt=\"jalobus-asiakkaat-meyer\" itemprop=\"image\" height=\"1000\" width=\"1000\" title=\"jalobus-asiakkaat-meyer\" onerror=\"this.style.display='none'\"  \/>\n\t\t\t\t<img decoding=\"async\" src=\"https:\/\/www.jalobus.fi\/wp-content\/uploads\/2019\/10\/jalobus-asiakkaat-herrankukkaro.png\" alt=\"jalobus-asiakkaat-herrankukkaro\" itemprop=\"image\" height=\"1000\" width=\"1000\" title=\"jalobus-asiakkaat-herrankukkaro\" onerror=\"this.style.display='none'\"  \/>\n\t\t\t\t<img decoding=\"async\" src=\"https:\/\/www.jalobus.fi\/wp-content\/uploads\/2019\/10\/jalobus-asiakkaat-tps.png\" alt=\"jalobus-asiakkaat-tps\" itemprop=\"image\" height=\"1000\" width=\"1000\" title=\"jalobus-asiakkaat-tps\" onerror=\"this.style.display='none'\"  \/>\n\t\t\t\t<img decoding=\"async\" src=\"https:\/\/www.jalobus.fi\/wp-content\/uploads\/2019\/10\/jalobus-asiakkaat-tuto.png\" alt=\"jalobus-asiakkaat-tuto\" itemprop=\"image\" height=\"1000\" width=\"1000\" title=\"jalobus-asiakkaat-tuto\" onerror=\"this.style.display='none'\"  \/>\n\t\t\t\t<img decoding=\"async\" src=\"https:\/\/www.jalobus.fi\/wp-content\/uploads\/2019\/10\/jalobus-asiakkaat-ukkopekka.png\" alt=\"jalobus-asiakkaat-ukkopekka\" itemprop=\"image\" height=\"1000\" width=\"1000\" title=\"jalobus-asiakkaat-ukkopekka\" onerror=\"this.style.display='none'\"  \/>\n\t\t\t\t<img decoding=\"async\" src=\"https:\/\/www.jalobus.fi\/wp-content\/uploads\/2019\/10\/jalobus-asiakkaat-muumimaailma.png\" alt=\"jalobus-asiakkaat-muumimaailma\" itemprop=\"image\" height=\"1000\" width=\"1000\" title=\"jalobus-asiakkaat-muumimaailma\" onerror=\"this.style.display='none'\"  \/>\n","protected":false},"excerpt":{"rendered":"<p>Bussit tunnemme kuin omat taskut. Kyll\u00e4, jokainen Jalon bussi huolletaan omalla korjaamolla, meill\u00e4 on omat huoltomiehet ja t\u00e4ydellinen huoltohistoria. Ota yhteytt\u00e4 Turistibussit Turistibussit ovat oikein mukavia matkakumppaneita. Yhteen mahtuu, mallista riippuen, 38 &#8211; 81 matkustajaa. Jalobus turistibussien varustelu r\u00e4\u00e4t\u00e4l\u00f6id\u00e4\u00e4n matkanne tarpeisiin sopiviksi, suosittelemme varaamaan hyviss\u00e4 ajoin ja omat tarpeet edell\u00e4. Kaikissa busseissa on j\u00e4\u00e4kaappi, wc, [&hellip;]<\/p>\n","protected":false},"author":1,"featured_media":0,"parent":0,"menu_order":0,"comment_status":"closed","ping_status":"closed","template":"","meta":{"_acf_changed":false,"footnotes":""},"class_list":["post-600","page","type-page","status-publish","hentry"],"acf":[],"yoast_head":"<title>Coach, citybus, minibus |\u00a0Jalobus Oy<\/title>\n<meta name=\"description\" content=\"Coaches, city- and minibuses for charter transportation. Reliable prices, professional drivers, and a large fleet of coaches. We guarantee an excellent trip.\" \/>\n<meta name=\"robots\" content=\"index, follow, max-snippet:-1, max-image-preview:large, max-video-preview:-1\" \/>\n<link rel=\"canonical\" href=\"https:\/\/www.jalobus.fi\/en\/kalusto\/\" \/>\n<meta property=\"og:locale\" content=\"en_US\" \/>\n<meta property=\"og:type\" content=\"article\" \/>\n<meta property=\"og:title\" content=\"Coach, citybus, minibus |\u00a0Jalobus Oy\" \/>\n<meta property=\"og:description\" content=\"Coaches, city- and minibuses for charter transportation. Reliable prices, professional drivers, and a large fleet of coaches. We guarantee an excellent trip.\" \/>\n<meta property=\"og:url\" content=\"https:\/\/www.jalobus.fi\/en\/kalusto\/\" \/>\n<meta property=\"og:site_name\" content=\"Jalobus Oy\" \/>\n<meta property=\"article:modified_time\" content=\"2019-11-15T12:17:45+00:00\" \/>\n<meta property=\"og:image\" content=\"https:\/\/www.jalobus.fi\/wp-content\/uploads\/2019\/10\/jalobus-asiakkaat-meyer.png\" \/>\n<meta name=\"twitter:label1\" content=\"Est. reading time\" \/>\n\t<meta name=\"twitter:data1\" content=\"1 minute\" \/>\n<script type=\"application\/ld+json\" class=\"yoast-schema-graph\">{\"@context\":\"https:\\\/\\\/schema.org\",\"@graph\":[{\"@type\":\"WebPage\",\"@id\":\"https:\\\/\\\/www.jalobus.fi\\\/en\\\/kalusto\\\/\",\"url\":\"https:\\\/\\\/www.jalobus.fi\\\/en\\\/kalusto\\\/\",\"name\":\"Coach, citybus, minibus |\u00a0Jalobus Oy\",\"isPartOf\":{\"@id\":\"https:\\\/\\\/www.jalobus.fi\\\/#website\"},\"primaryImageOfPage\":{\"@id\":\"https:\\\/\\\/www.jalobus.fi\\\/en\\\/kalusto\\\/#primaryimage\"},\"image\":{\"@id\":\"https:\\\/\\\/www.jalobus.fi\\\/en\\\/kalusto\\\/#primaryimage\"},\"thumbnailUrl\":\"https:\\\/\\\/www.jalobus.fi\\\/wp-content\\\/uploads\\\/2019\\\/10\\\/jalobus-asiakkaat-meyer.png\",\"datePublished\":\"2019-11-15T09:18:56+00:00\",\"dateModified\":\"2019-11-15T12:17:45+00:00\",\"description\":\"Coaches, city- and minibuses for charter transportation. Reliable prices, professional drivers, and a large fleet of coaches. We guarantee an excellent trip.\",\"breadcrumb\":{\"@id\":\"https:\\\/\\\/www.jalobus.fi\\\/en\\\/kalusto\\\/#breadcrumb\"},\"inLanguage\":\"en-US\",\"potentialAction\":[{\"@type\":\"ReadAction\",\"target\":[\"https:\\\/\\\/www.jalobus.fi\\\/en\\\/kalusto\\\/\"]}]},{\"@type\":\"ImageObject\",\"inLanguage\":\"en-US\",\"@id\":\"https:\\\/\\\/www.jalobus.fi\\\/en\\\/kalusto\\\/#primaryimage\",\"url\":\"https:\\\/\\\/www.jalobus.fi\\\/wp-content\\\/uploads\\\/2019\\\/10\\\/jalobus-asiakkaat-meyer.png\",\"contentUrl\":\"https:\\\/\\\/www.jalobus.fi\\\/wp-content\\\/uploads\\\/2019\\\/10\\\/jalobus-asiakkaat-meyer.png\"},{\"@type\":\"BreadcrumbList\",\"@id\":\"https:\\\/\\\/www.jalobus.fi\\\/en\\\/kalusto\\\/#breadcrumb\",\"itemListElement\":[{\"@type\":\"ListItem\",\"position\":1,\"name\":\"Home\",\"item\":\"https:\\\/\\\/www.jalobus.fi\\\/en\\\/\"},{\"@type\":\"ListItem\",\"position\":2,\"name\":\"Fleet\"}]},{\"@type\":\"WebSite\",\"@id\":\"https:\\\/\\\/www.jalobus.fi\\\/#website\",\"url\":\"https:\\\/\\\/www.jalobus.fi\\\/\",\"name\":\"Jalobus Oy\",\"description\":\"\",\"potentialAction\":[{\"@type\":\"SearchAction\",\"target\":{\"@type\":\"EntryPoint\",\"urlTemplate\":\"https:\\\/\\\/www.jalobus.fi\\\/?s={search_term_string}\"},\"query-input\":{\"@type\":\"PropertyValueSpecification\",\"valueRequired\":true,\"valueName\":\"search_term_string\"}}],\"inLanguage\":\"en-US\"}]}<\/script>","yoast_head_json":{"title":"Coach, citybus, minibus |\u00a0Jalobus Oy","description":"Coaches, city- and minibuses for charter transportation. Reliable prices, professional drivers, and a large fleet of coaches. We guarantee an excellent trip.","robots":{"index":"index","follow":"follow","max-snippet":"max-snippet:-1","max-image-preview":"max-image-preview:large","max-video-preview":"max-video-preview:-1"},"canonical":"https:\/\/www.jalobus.fi\/en\/kalusto\/","og_locale":"en_US","og_type":"article","og_title":"Coach, citybus, minibus |\u00a0Jalobus Oy","og_description":"Coaches, city- and minibuses for charter transportation. Reliable prices, professional drivers, and a large fleet of coaches. We guarantee an excellent trip.","og_url":"https:\/\/www.jalobus.fi\/en\/kalusto\/","og_site_name":"Jalobus Oy","article_modified_time":"2019-11-15T12:17:45+00:00","og_image":[{"url":"https:\/\/www.jalobus.fi\/wp-content\/uploads\/2019\/10\/jalobus-asiakkaat-meyer.png","type":"","width":"","height":""}],"twitter_misc":{"Est. reading time":"1 minute"},"schema":{"@context":"https:\/\/schema.org","@graph":[{"@type":"WebPage","@id":"https:\/\/www.jalobus.fi\/en\/kalusto\/","url":"https:\/\/www.jalobus.fi\/en\/kalusto\/","name":"Coach, citybus, minibus |\u00a0Jalobus Oy","isPartOf":{"@id":"https:\/\/www.jalobus.fi\/#website"},"primaryImageOfPage":{"@id":"https:\/\/www.jalobus.fi\/en\/kalusto\/#primaryimage"},"image":{"@id":"https:\/\/www.jalobus.fi\/en\/kalusto\/#primaryimage"},"thumbnailUrl":"https:\/\/www.jalobus.fi\/wp-content\/uploads\/2019\/10\/jalobus-asiakkaat-meyer.png","datePublished":"2019-11-15T09:18:56+00:00","dateModified":"2019-11-15T12:17:45+00:00","description":"Coaches, city- and minibuses for charter transportation. Reliable prices, professional drivers, and a large fleet of coaches. We guarantee an excellent trip.","breadcrumb":{"@id":"https:\/\/www.jalobus.fi\/en\/kalusto\/#breadcrumb"},"inLanguage":"en-US","potentialAction":[{"@type":"ReadAction","target":["https:\/\/www.jalobus.fi\/en\/kalusto\/"]}]},{"@type":"ImageObject","inLanguage":"en-US","@id":"https:\/\/www.jalobus.fi\/en\/kalusto\/#primaryimage","url":"https:\/\/www.jalobus.fi\/wp-content\/uploads\/2019\/10\/jalobus-asiakkaat-meyer.png","contentUrl":"https:\/\/www.jalobus.fi\/wp-content\/uploads\/2019\/10\/jalobus-asiakkaat-meyer.png"},{"@type":"BreadcrumbList","@id":"https:\/\/www.jalobus.fi\/en\/kalusto\/#breadcrumb","itemListElement":[{"@type":"ListItem","position":1,"name":"Home","item":"https:\/\/www.jalobus.fi\/en\/"},{"@type":"ListItem","position":2,"name":"Fleet"}]},{"@type":"WebSite","@id":"https:\/\/www.jalobus.fi\/#website","url":"https:\/\/www.jalobus.fi\/","name":"Jalobus Oy","description":"","potentialAction":[{"@type":"SearchAction","target":{"@type":"EntryPoint","urlTemplate":"https:\/\/www.jalobus.fi\/?s={search_term_string}"},"query-input":{"@type":"PropertyValueSpecification","valueRequired":true,"valueName":"search_term_string"}}],"inLanguage":"en-US"}]}},"_links":{"self":[{"href":"https:\/\/www.jalobus.fi\/en\/wp-json\/wp\/v2\/pages\/600","targetHints":{"allow":["GET"]}}],"collection":[{"href":"https:\/\/www.jalobus.fi\/en\/wp-json\/wp\/v2\/pages"}],"about":[{"href":"https:\/\/www.jalobus.fi\/en\/wp-json\/wp\/v2\/types\/page"}],"author":[{"embeddable":true,"href":"https:\/\/www.jalobus.fi\/en\/wp-json\/wp\/v2\/users\/1"}],"replies":[{"embeddable":true,"href":"https:\/\/www.jalobus.fi\/en\/wp-json\/wp\/v2\/comments?post=600"}],"version-history":[{"count":0,"href":"https:\/\/www.jalobus.fi\/en\/wp-json\/wp\/v2\/pages\/600\/revisions"}],"wp:attachment":[{"href":"https:\/\/www.jalobus.fi\/en\/wp-json\/wp\/v2\/media?parent=600"}],"curies":[{"name":"wp","href":"https:\/\/api.w.org\/{rel}","templated":true}]}}