{"id":559,"date":"2019-11-15T11:16:57","date_gmt":"2019-11-15T09:16:57","guid":{"rendered":"https:\/\/www.jalobus.fi\/home\/"},"modified":"2019-11-20T13:47:14","modified_gmt":"2019-11-20T11:47:14","slug":"home","status":"publish","type":"page","link":"https:\/\/www.jalobus.fi\/en\/","title":{"rendered":"Frontpage"},"content":{"rendered":"\n\t<h1>Carefree travels near and far. Turku-based\u00a0Jalobus will charter your group to your destination. Effortlessly and with ease.<\/h1>\n<p>Get in touch and we\u2019ll take care of the driving.<\/p>\n\t\t\t<a href=\"https:\/\/www.jalobus.fi\/en\/quote-request\/\" target=\"_self\" role=\"button\" rel=\"noopener noreferrer\">\n\t\t\t\t\t\t\tContact\n\t\t\t\t\t<\/a>\n\t<img decoding=\"async\" class=\"kopiokuvat kuva-1\" src=\"https:\/\/www.jalobus.fi\/wp-content\/uploads\/2019\/10\/Jalobus-turistibussi-syv.png\" \/><img decoding=\"async\" class=\"kopiokuvat kuva-2\" src=\"https:\/\/www.jalobus.fi\/wp-content\/uploads\/2019\/10\/Jalobus-turistibussi-syv.png\" \/><img decoding=\"async\" class=\"kopiokuvat kuva-3\" src=\"https:\/\/www.jalobus.fi\/wp-content\/uploads\/2019\/10\/Jalobus-turistibussi-syv.png\" \/><img decoding=\"async\" class=\"kopiokuvat kuva-4\" src=\"https:\/\/www.jalobus.fi\/wp-content\/uploads\/2019\/10\/Jalobus-turistibussi-syv.png\" \/>\n\t<h3>Chartered trips to wherever you want to go<\/h3>\n<p>Let the car and driver take your party to your destination while you focus on the trip itself. The destination is undoubtedly important, but the trip itself is also significant.<\/p>\n<p>A company trip to remember, or an association travelling to improve their team spirit. A class trip to make the best school memories. An adventure with your best clients. A spirited sporting trip or a shared transport to a family reunion. You decide, Jalo drives.<\/p>\n\t\t\t<a href=\"https:\/\/www.jalobus.fi\/en\/quote-request\/\" target=\"_self\" role=\"button\" rel=\"noopener noreferrer\">\n\t\t\t\t\t\t\tAsk for a quote\n\t\t\t\t\t<\/a>\n<h2>\n\t\tA successful trip takes three things:\n\t<\/h2>\n\t\t<h3>1. A suitable vehicle<\/h3>\n\t\t<img decoding=\"async\" src=\"https:\/\/www.jalobus.fi\/wp-content\/uploads\/2019\/10\/etusivu-1-sopiva.png\" alt=\"\" \/>\n\t\t<h3>2. A professional driver<\/h3>\n\t\t<img decoding=\"async\" src=\"https:\/\/www.jalobus.fi\/wp-content\/uploads\/2019\/10\/etusivu-2-taitava.png\" alt=\"\" \/>\n\t\t<h3>3. Good company<\/h3>\n\t\t<img decoding=\"async\" src=\"https:\/\/www.jalobus.fi\/wp-content\/uploads\/2019\/10\/etusivu-3-hyva.png\" alt=\"\" \/>\n\t<h3>We will take care of the first two, and the third is up to you.<\/h3>\n<p>All you must do after that is enjoy the trip.<\/p>\n\t\t\t<a href=\"https:\/\/www.jalobus.fi\/en\/quote-request\/\" target=\"_self\" role=\"button\" rel=\"noopener noreferrer\">\n\t\t\t\t\t\t\tLet\u2019s move some people\n\t\t\t\t\t<\/a>\n\t\n\t<h2>Reliable prices, professional drivers, and a large fleet of coaches.<\/h2>\nWe guarantee an excellent trip.<br \/>\nFeatures and facilities tailored to your needs.<br \/>\nA presence in both Turku and Helsinki.\n<p>Get in touch or submit a <a href=\"https:\/\/www.jalobus.fi\/en\/quote-request\/\">quote request<\/a>, we are available 24\/7.<\/p>\n\t\t\t<a href=\"https:\/\/www.jalobus.fi\/en\/quote-request\/\" target=\"_self\" role=\"button\" rel=\"noopener noreferrer\">\n\t\t\t\t\t\t\tAsk for a quote\n\t\t\t\t\t<\/a>\n\t<div class=\"arvostelut\"><div class=\"swiper-container\"><div class=\"swiper-wrapper\"><div class=\"swiper-slide\"><div class=\"tahdet-div\"><i class=\"fas fa-star\"><\/i> <i class=\"fas fa-star\"><\/i> <i class=\"fas fa-star\"><\/i> <i class=\"fas fa-star\"><\/i> <i class=\"fas fa-star\"><\/i><\/div><h3>Yrityksen kes\u00e4juhlien kuljetus<\/h3>\r\n\t<p class=\"arvostelija\">Laura Leskinen<\/p>\r\n\t<p>Kokonaisuudessan varaaminen ja kuljetus sopi erinomaisesti. Sain palveluntarjoajalta riitt\u00e4v\u00e4sti tietoa ja he varmistivat viel\u00e4 ennen kuljetusta ett\u00e4 kaikki tiedot on oikein ja laittoi kuljettajan tiedot. Kuljettaja oli oikein yst\u00e4v\u00e4llinen ja laittoi musiikkitoiveet radiosta soimaan \ud83d\ude42<\/p><\/div><div class=\"swiper-slide\"><div class=\"tahdet-div\"><i class=\"fas fa-star\"><\/i> <i class=\"fas fa-star\"><\/i> <i class=\"fas fa-star\"><\/i> <i class=\"fas fa-star\"><\/i> <i class=\"fas fa-star\"><\/i><\/div><h3>F\u00f6retagets friluftsdag<\/h3>\r\n\t<p class=\"arvostelija\">Daniel Komarov<\/p>\r\n\t<p>Lyfter p\u00e5 hatten till Jalobus!\r\n\r\nOtroligt v\u00e4nlig och hj\u00e4lpsam kundservice som skr\u00e4ddarsydde best\u00e4llningen exakt enligt v\u00e5ra behov och till ett v\u00e4ldigt l\u00e5gt pris.\r\nBussresan gick suver\u00e4nt och bussens skick var super! Busschaff\u00f6ren var professionell och s\u00e5g till att passagerarna hade det s\u00e5 bra som m\u00f6jligt under hela resan. Busschaff\u00f6ren var \u00e4ven v\u00e4ldigt hj\u00e4lpsam.\r\n\r\nJalobus f\u00e5r 5 av 5 stj\u00e4rnor av oss. Tusen tack!<\/p><\/div><div class=\"swiper-slide\"><div class=\"tahdet-div\"><i class=\"fas fa-star\"><\/i> <i class=\"fas fa-star\"><\/i> <i class=\"fas fa-star\"><\/i> <i class=\"fas fa-star\"><\/i> <i class=\"fas fa-star\"><\/i><\/div><h3> Suositeltava bussiyhti\u00f6<\/h3>\r\n\t<p class=\"arvostelija\">Arja Torkkom\u00e4ki<\/p>\r\n\t<p>Siisti bussi ja eritt\u00e4in ammattitaitoinen ja yhteisty\u00f6kykyinen kuljettaja, jonka kanssa asiointi oli sujuvaa. Nettivaraus ja vahvistukset sek\u00e4 infot hyvin toimivat.<\/p><\/div><div class=\"swiper-slide\"><div class=\"tahdet-div\"><i class=\"fas fa-star\"><\/i> <i class=\"fas fa-star\"><\/i> <i class=\"fas fa-star\"><\/i> <i class=\"fas fa-star\"><\/i> <i class=\"fas fa-star\"><\/i><\/div><h3>Kiitokset hyv\u00e4st\u00e4 palvelusta<\/h3>\r\n\t<p class=\"arvostelija\">Minna Huhta<\/p>\r\n\t<p>Kiitos joustavuudesta asiakaspalvelussa, kuski yst\u00e4v\u00e4llisesti soitti ja ilmoitti saapuneensa hyviss\u00e4 ajoin ennen ajoa. Ajoneuvo oli siisti ja kuljettaja oli joustava. Kerrassaan tyytyv\u00e4inen kuljetukseen sek\u00e4 hintaan:)<\/p><\/div><div class=\"swiper-slide\"><div class=\"tahdet-div\"><i class=\"fas fa-star\"><\/i> <i class=\"fas fa-star\"><\/i> <i class=\"fas fa-star\"><\/i> <i class=\"fas fa-star\"><\/i><\/div><h3>Pelimatka Lepp\u00e4vaaraan<\/h3>\r\n\t<p class=\"arvostelija\">Katja Varjonen<\/p>\r\n\t<p>Kaikki toimi niinkuin pit\u00e4\u00e4kin ja pelurit osasivat arvostaa bussin v\u00e4ljyytt\u00e4 ja p\u00f6yti\u00e4.<\/p><\/div><div class=\"swiper-slide\"><div class=\"tahdet-div\"><i class=\"fas fa-star\"><\/i> <i class=\"fas fa-star\"><\/i> <i class=\"fas fa-star\"><\/i> <i class=\"fas fa-star\"><\/i> <i class=\"fas fa-star\"><\/i><\/div><h3>P\u00e4iv\u00e4kodin syysretki Kuhankuonolle<\/h3>\r\n\t<p class=\"arvostelija\">Anna A<\/p>\r\n\t<p>Ihanan palvelualttiit kuskit. P\u00e4iv\u00e4kodin ovelta polun alkuun ja takaisin. Turvaistuimet vaihtoivat autoa v\u00e4liajalla ja kaikki sujui mallikkaasti. Paras yhti\u00f6! K\u00e4ytet\u00e4\u00e4n uudelleen!<\/p><\/div><\/div><div class=\"swiper-pagination\"><\/div><\/div><\/div>\n<h3>\n\t\tA few customers who trust us\n\t<\/h3>\n\t\t\t\t<img decoding=\"async\" src=\"https:\/\/www.jalobus.fi\/wp-content\/uploads\/2019\/10\/jalobus-asiakkaat-meyer.png\" alt=\"jalobus-asiakkaat-meyer\" itemprop=\"image\" height=\"1000\" width=\"1000\" title=\"jalobus-asiakkaat-meyer\" onerror=\"this.style.display='none'\"  \/>\n\t\t\t\t<img decoding=\"async\" src=\"https:\/\/www.jalobus.fi\/wp-content\/uploads\/2019\/10\/jalobus-asiakkaat-herrankukkaro.png\" alt=\"jalobus-asiakkaat-herrankukkaro\" itemprop=\"image\" height=\"1000\" width=\"1000\" title=\"jalobus-asiakkaat-herrankukkaro\" onerror=\"this.style.display='none'\"  \/>\n\t\t\t\t<img decoding=\"async\" src=\"https:\/\/www.jalobus.fi\/wp-content\/uploads\/2019\/10\/jalobus-asiakkaat-tps.png\" alt=\"jalobus-asiakkaat-tps\" itemprop=\"image\" height=\"1000\" width=\"1000\" title=\"jalobus-asiakkaat-tps\" onerror=\"this.style.display='none'\"  \/>\n\t\t\t\t<img decoding=\"async\" src=\"https:\/\/www.jalobus.fi\/wp-content\/uploads\/2019\/10\/jalobus-asiakkaat-tuto.png\" alt=\"jalobus-asiakkaat-tuto\" itemprop=\"image\" height=\"1000\" width=\"1000\" title=\"jalobus-asiakkaat-tuto\" onerror=\"this.style.display='none'\"  \/>\n\t\t\t\t<img decoding=\"async\" src=\"https:\/\/www.jalobus.fi\/wp-content\/uploads\/2019\/10\/jalobus-asiakkaat-ukkopekka.png\" alt=\"jalobus-asiakkaat-ukkopekka\" itemprop=\"image\" height=\"1000\" width=\"1000\" title=\"jalobus-asiakkaat-ukkopekka\" onerror=\"this.style.display='none'\"  \/>\n\t\t\t\t<img decoding=\"async\" src=\"https:\/\/www.jalobus.fi\/wp-content\/uploads\/2019\/10\/jalobus-asiakkaat-muumimaailma.png\" alt=\"jalobus-asiakkaat-muumimaailma\" itemprop=\"image\" height=\"1000\" width=\"1000\" title=\"jalobus-asiakkaat-muumimaailma\" onerror=\"this.style.display='none'\"  \/>\n","protected":false},"excerpt":{"rendered":"<p>Carefree travels near and far. Turku-based\u00a0Jalobus will charter your group to your destination. Effortlessly and with ease. Get in touch and we\u2019ll take care of the driving. Contact Chartered trips to wherever you want to go Let the car and driver take your party to your destination while you focus on the trip itself. The [&hellip;]<\/p>\n","protected":false},"author":1,"featured_media":781,"parent":0,"menu_order":0,"comment_status":"closed","ping_status":"closed","template":"","meta":{"_acf_changed":false,"footnotes":""},"class_list":["post-559","page","type-page","status-publish","has-post-thumbnail","hentry"],"acf":[],"yoast_head":"<title>Tilausajot | Jalobus Oy | Turku<\/title>\n<meta name=\"description\" content=\"Carefree travels near and far. Turku-based\u00a0Jalobus will charter your group to your destination. Effortlessly and with ease. Get in touch and we\u2019ll take care of the driving.\" \/>\n<meta name=\"robots\" content=\"index, follow, max-snippet:-1, max-image-preview:large, max-video-preview:-1\" \/>\n<link rel=\"canonical\" href=\"https:\/\/www.jalobus.fi\/en\/\" \/>\n<meta property=\"og:locale\" content=\"en_US\" \/>\n<meta property=\"og:type\" content=\"article\" \/>\n<meta property=\"og:title\" content=\"Carefree travels near and far - Jalobus Oy\" \/>\n<meta property=\"og:description\" content=\"Let the bus and driver take your party to your destination while you focus on the trip itself. The destination is undoubtedly important, but the trip itself is also significant.\" \/>\n<meta property=\"og:url\" content=\"https:\/\/www.jalobus.fi\/en\/\" \/>\n<meta property=\"og:site_name\" content=\"Jalobus Oy\" \/>\n<meta property=\"article:modified_time\" content=\"2019-11-20T11:47:14+00:00\" \/>\n<meta property=\"og:image\" content=\"https:\/\/www.jalobus.fi\/wp-content\/uploads\/2019\/10\/jalobus-logo-og.jpg\" \/>\n\t<meta property=\"og:image:width\" content=\"1200\" \/>\n\t<meta property=\"og:image:height\" content=\"630\" \/>\n\t<meta property=\"og:image:type\" content=\"image\/jpeg\" \/>\n<meta name=\"twitter:label1\" content=\"Est. reading time\" \/>\n\t<meta name=\"twitter:data1\" content=\"1 minute\" \/>\n<script type=\"application\/ld+json\" class=\"yoast-schema-graph\">{\"@context\":\"https:\\\/\\\/schema.org\",\"@graph\":[{\"@type\":\"WebPage\",\"@id\":\"https:\\\/\\\/www.jalobus.fi\\\/en\\\/\",\"url\":\"https:\\\/\\\/www.jalobus.fi\\\/en\\\/\",\"name\":\"Tilausajot | Jalobus Oy | Turku\",\"isPartOf\":{\"@id\":\"https:\\\/\\\/www.jalobus.fi\\\/#website\"},\"primaryImageOfPage\":{\"@id\":\"https:\\\/\\\/www.jalobus.fi\\\/en\\\/#primaryimage\"},\"image\":{\"@id\":\"https:\\\/\\\/www.jalobus.fi\\\/en\\\/#primaryimage\"},\"thumbnailUrl\":\"https:\\\/\\\/www.jalobus.fi\\\/wp-content\\\/uploads\\\/2025\\\/04\\\/f582b3d1-8e4b-4c7e-857f-243dcd174251-e1743596075629.jpg\",\"datePublished\":\"2019-11-15T09:16:57+00:00\",\"dateModified\":\"2019-11-20T11:47:14+00:00\",\"description\":\"Carefree travels near and far. Turku-based\u00a0Jalobus will charter your group to your destination. Effortlessly and with ease. Get in touch and we\u2019ll take care of the driving.\",\"breadcrumb\":{\"@id\":\"https:\\\/\\\/www.jalobus.fi\\\/en\\\/#breadcrumb\"},\"inLanguage\":\"en-US\",\"potentialAction\":[{\"@type\":\"ReadAction\",\"target\":[\"https:\\\/\\\/www.jalobus.fi\\\/en\\\/\"]}]},{\"@type\":\"ImageObject\",\"inLanguage\":\"en-US\",\"@id\":\"https:\\\/\\\/www.jalobus.fi\\\/en\\\/#primaryimage\",\"url\":\"https:\\\/\\\/www.jalobus.fi\\\/wp-content\\\/uploads\\\/2025\\\/04\\\/f582b3d1-8e4b-4c7e-857f-243dcd174251-e1743596075629.jpg\",\"contentUrl\":\"https:\\\/\\\/www.jalobus.fi\\\/wp-content\\\/uploads\\\/2025\\\/04\\\/f582b3d1-8e4b-4c7e-857f-243dcd174251-e1743596075629.jpg\",\"width\":2560,\"height\":1440},{\"@type\":\"BreadcrumbList\",\"@id\":\"https:\\\/\\\/www.jalobus.fi\\\/en\\\/#breadcrumb\",\"itemListElement\":[{\"@type\":\"ListItem\",\"position\":1,\"name\":\"Home\",\"item\":\"https:\\\/\\\/www.jalobus.fi\\\/en\\\/\"},{\"@type\":\"ListItem\",\"position\":2,\"name\":\"Frontpage\"}]},{\"@type\":\"WebSite\",\"@id\":\"https:\\\/\\\/www.jalobus.fi\\\/#website\",\"url\":\"https:\\\/\\\/www.jalobus.fi\\\/\",\"name\":\"Jalobus Oy\",\"description\":\"\",\"potentialAction\":[{\"@type\":\"SearchAction\",\"target\":{\"@type\":\"EntryPoint\",\"urlTemplate\":\"https:\\\/\\\/www.jalobus.fi\\\/?s={search_term_string}\"},\"query-input\":{\"@type\":\"PropertyValueSpecification\",\"valueRequired\":true,\"valueName\":\"search_term_string\"}}],\"inLanguage\":\"en-US\"}]}<\/script>","yoast_head_json":{"title":"Tilausajot | Jalobus Oy | Turku","description":"Carefree travels near and far. Turku-based\u00a0Jalobus will charter your group to your destination. Effortlessly and with ease. Get in touch and we\u2019ll take care of the driving.","robots":{"index":"index","follow":"follow","max-snippet":"max-snippet:-1","max-image-preview":"max-image-preview:large","max-video-preview":"max-video-preview:-1"},"canonical":"https:\/\/www.jalobus.fi\/en\/","og_locale":"en_US","og_type":"article","og_title":"Carefree travels near and far - Jalobus Oy","og_description":"Let the bus and driver take your party to your destination while you focus on the trip itself. The destination is undoubtedly important, but the trip itself is also significant.","og_url":"https:\/\/www.jalobus.fi\/en\/","og_site_name":"Jalobus Oy","article_modified_time":"2019-11-20T11:47:14+00:00","og_image":[{"width":1200,"height":630,"url":"https:\/\/www.jalobus.fi\/wp-content\/uploads\/2019\/10\/jalobus-logo-og.jpg","type":"image\/jpeg"}],"twitter_misc":{"Est. reading time":"1 minute"},"schema":{"@context":"https:\/\/schema.org","@graph":[{"@type":"WebPage","@id":"https:\/\/www.jalobus.fi\/en\/","url":"https:\/\/www.jalobus.fi\/en\/","name":"Tilausajot | Jalobus Oy | Turku","isPartOf":{"@id":"https:\/\/www.jalobus.fi\/#website"},"primaryImageOfPage":{"@id":"https:\/\/www.jalobus.fi\/en\/#primaryimage"},"image":{"@id":"https:\/\/www.jalobus.fi\/en\/#primaryimage"},"thumbnailUrl":"https:\/\/www.jalobus.fi\/wp-content\/uploads\/2025\/04\/f582b3d1-8e4b-4c7e-857f-243dcd174251-e1743596075629.jpg","datePublished":"2019-11-15T09:16:57+00:00","dateModified":"2019-11-20T11:47:14+00:00","description":"Carefree travels near and far. Turku-based\u00a0Jalobus will charter your group to your destination. Effortlessly and with ease. Get in touch and we\u2019ll take care of the driving.","breadcrumb":{"@id":"https:\/\/www.jalobus.fi\/en\/#breadcrumb"},"inLanguage":"en-US","potentialAction":[{"@type":"ReadAction","target":["https:\/\/www.jalobus.fi\/en\/"]}]},{"@type":"ImageObject","inLanguage":"en-US","@id":"https:\/\/www.jalobus.fi\/en\/#primaryimage","url":"https:\/\/www.jalobus.fi\/wp-content\/uploads\/2025\/04\/f582b3d1-8e4b-4c7e-857f-243dcd174251-e1743596075629.jpg","contentUrl":"https:\/\/www.jalobus.fi\/wp-content\/uploads\/2025\/04\/f582b3d1-8e4b-4c7e-857f-243dcd174251-e1743596075629.jpg","width":2560,"height":1440},{"@type":"BreadcrumbList","@id":"https:\/\/www.jalobus.fi\/en\/#breadcrumb","itemListElement":[{"@type":"ListItem","position":1,"name":"Home","item":"https:\/\/www.jalobus.fi\/en\/"},{"@type":"ListItem","position":2,"name":"Frontpage"}]},{"@type":"WebSite","@id":"https:\/\/www.jalobus.fi\/#website","url":"https:\/\/www.jalobus.fi\/","name":"Jalobus Oy","description":"","potentialAction":[{"@type":"SearchAction","target":{"@type":"EntryPoint","urlTemplate":"https:\/\/www.jalobus.fi\/?s={search_term_string}"},"query-input":{"@type":"PropertyValueSpecification","valueRequired":true,"valueName":"search_term_string"}}],"inLanguage":"en-US"}]}},"_links":{"self":[{"href":"https:\/\/www.jalobus.fi\/en\/wp-json\/wp\/v2\/pages\/559","targetHints":{"allow":["GET"]}}],"collection":[{"href":"https:\/\/www.jalobus.fi\/en\/wp-json\/wp\/v2\/pages"}],"about":[{"href":"https:\/\/www.jalobus.fi\/en\/wp-json\/wp\/v2\/types\/page"}],"author":[{"embeddable":true,"href":"https:\/\/www.jalobus.fi\/en\/wp-json\/wp\/v2\/users\/1"}],"replies":[{"embeddable":true,"href":"https:\/\/www.jalobus.fi\/en\/wp-json\/wp\/v2\/comments?post=559"}],"version-history":[{"count":0,"href":"https:\/\/www.jalobus.fi\/en\/wp-json\/wp\/v2\/pages\/559\/revisions"}],"wp:featuredmedia":[{"embeddable":true,"href":"https:\/\/www.jalobus.fi\/en\/wp-json\/wp\/v2\/media\/781"}],"wp:attachment":[{"href":"https:\/\/www.jalobus.fi\/en\/wp-json\/wp\/v2\/media?parent=559"}],"curies":[{"name":"wp","href":"https:\/\/api.w.org\/{rel}","templated":true}]}}